{"id":20,"date":"2025-12-05T16:14:01","date_gmt":"2025-12-05T15:14:01","guid":{"rendered":"http:\/\/foliesdinterieur.fr\/?page_id=20"},"modified":"2025-12-08T17:32:59","modified_gmt":"2025-12-08T16:32:59","slug":"folies-dinterieur-agencement-sur-mesure-evian-chablais-leman-particuliers-et-professionnels","status":"publish","type":"page","link":"https:\/\/foliesdinterieur.fr\/","title":{"rendered":"Folies d&rsquo;int\u00e9rieur"},"content":{"rendered":"\t\t<div data-elementor-type=\"wp-post\" data-elementor-id=\"20\" class=\"elementor elementor-20\">\n\t\t\t\t\t\t<section class=\"elementor-section elementor-top-section elementor-element elementor-element-4c9dsvz elementor-section-content-middle elementor-section-boxed elementor-section-height-default elementor-section-height-default\" data-id=\"4c9dsvz\" data-element_type=\"section\" data-settings=\"{&quot;background_background&quot;:&quot;classic&quot;}\">\n\t\t\t\t\t\t\t<div class=\"elementor-background-overlay\"><\/div>\n\t\t\t\t\t\t\t<div class=\"elementor-container elementor-column-gap-no\">\n\t\t\t\t\t<div class=\"elementor-column elementor-col-100 elementor-top-column elementor-element elementor-element-f69add9\" data-id=\"f69add9\" data-element_type=\"column\">\n\t\t\t<div class=\"elementor-widget-wrap elementor-element-populated\">\n\t\t\t\t\t\t<div class=\"elementor-element elementor-element-0c78bee elementor-widget elementor-widget-heading\" data-id=\"0c78bee\" data-element_type=\"widget\" data-widget_type=\"heading.default\">\n\t\t\t\t\t<h2 class=\"elementor-heading-title elementor-size-default\">Notre site se refait une <br>beaut\u00e9 !<\/h2>\t\t\t\t<\/div>\n\t\t\t\t<div class=\"elementor-element elementor-element-a261244 elementor-widget elementor-widget-text-editor\" data-id=\"a261244\" data-element_type=\"widget\" data-widget_type=\"text-editor.default\">\n\t\t\t\t\t\t\t\t\t<p><audio class=\"audio-for-speech\"><\/audio><\/p>\n<div class=\"translate-tooltip-mtz translator-hidden\">\n<div class=\"header\">\n<div class=\"header-controls\">Translator<\/div>\n<div class=\"header-controls\">&nbsp;<\/div>\n<div class=\"header-controls\">&nbsp;<\/div>\n<\/div>\n<div class=\"translated-text\">\n<div class=\"words\">&nbsp;<\/div>\n<div class=\"sentences\">&nbsp;<\/div>\n<\/div>\n<\/div>\n<p>En attendant vous pouvez retrouvez toute&nbsp;<\/p><p>notre actualit\u00e9 sur nos r\u00e9seaux sociaux<\/p>\t\t\t\t\t\t\t\t<\/div>\n\t\t\t\t<div class=\"elementor-element elementor-element-df862d2 elementor-shape-circle elementor-grid-0 e-grid-align-center elementor-widget elementor-widget-social-icons\" data-id=\"df862d2\" data-element_type=\"widget\" data-widget_type=\"social-icons.default\">\n\t\t\t\t\t\t\t<div class=\"elementor-social-icons-wrapper elementor-grid\" role=\"list\">\n\t\t\t\t\t\t\t<span class=\"elementor-grid-item\" role=\"listitem\">\n\t\t\t\t\t<a class=\"elementor-icon elementor-social-icon elementor-social-icon-facebook elementor-repeater-item-bf6bbe9\" href=\"https:\/\/www.facebook.com\/foliesdinterieur\/?locale=fr_FR\" target=\"_blank\">\n\t\t\t\t\t\t<span class=\"elementor-screen-only\">Facebook<\/span>\n\t\t\t\t\t\t<svg aria-hidden=\"true\" class=\"e-font-icon-svg e-fab-facebook\" viewBox=\"0 0 512 512\" xmlns=\"http:\/\/www.w3.org\/2000\/svg\"><path d=\"M504 256C504 119 393 8 256 8S8 119 8 256c0 123.78 90.69 226.38 209.25 245V327.69h-63V256h63v-54.64c0-62.15 37-96.48 93.67-96.48 27.14 0 55.52 4.84 55.52 4.84v61h-31.28c-30.8 0-40.41 19.12-40.41 38.73V256h68.78l-11 71.69h-57.78V501C413.31 482.38 504 379.78 504 256z\"><\/path><\/svg>\t\t\t\t\t<\/a>\n\t\t\t\t<\/span>\n\t\t\t\t\t\t\t<span class=\"elementor-grid-item\" role=\"listitem\">\n\t\t\t\t\t<a class=\"elementor-icon elementor-social-icon elementor-social-icon-instagram elementor-repeater-item-4aeca4a\" href=\"https:\/\/www.instagram.com\/foliesdinterieur\/?hl=fr\" target=\"_blank\">\n\t\t\t\t\t\t<span class=\"elementor-screen-only\">Instagram<\/span>\n\t\t\t\t\t\t<svg aria-hidden=\"true\" class=\"e-font-icon-svg e-fab-instagram\" viewBox=\"0 0 448 512\" xmlns=\"http:\/\/www.w3.org\/2000\/svg\"><path d=\"M224.1 141c-63.6 0-114.9 51.3-114.9 114.9s51.3 114.9 114.9 114.9S339 319.5 339 255.9 287.7 141 224.1 141zm0 189.6c-41.1 0-74.7-33.5-74.7-74.7s33.5-74.7 74.7-74.7 74.7 33.5 74.7 74.7-33.6 74.7-74.7 74.7zm146.4-194.3c0 14.9-12 26.8-26.8 26.8-14.9 0-26.8-12-26.8-26.8s12-26.8 26.8-26.8 26.8 12 26.8 26.8zm76.1 27.2c-1.7-35.9-9.9-67.7-36.2-93.9-26.2-26.2-58-34.4-93.9-36.2-37-2.1-147.9-2.1-184.9 0-35.8 1.7-67.6 9.9-93.9 36.1s-34.4 58-36.2 93.9c-2.1 37-2.1 147.9 0 184.9 1.7 35.9 9.9 67.7 36.2 93.9s58 34.4 93.9 36.2c37 2.1 147.9 2.1 184.9 0 35.9-1.7 67.7-9.9 93.9-36.2 26.2-26.2 34.4-58 36.2-93.9 2.1-37 2.1-147.8 0-184.8zM398.8 388c-7.8 19.6-22.9 34.7-42.6 42.6-29.5 11.7-99.5 9-132.1 9s-102.7 2.6-132.1-9c-19.6-7.8-34.7-22.9-42.6-42.6-11.7-29.5-9-99.5-9-132.1s-2.6-102.7 9-132.1c7.8-19.6 22.9-34.7 42.6-42.6 29.5-11.7 99.5-9 132.1-9s102.7-2.6 132.1 9c19.6 7.8 34.7 22.9 42.6 42.6 11.7 29.5 9 99.5 9 132.1s2.7 102.7-9 132.1z\"><\/path><\/svg>\t\t\t\t\t<\/a>\n\t\t\t\t<\/span>\n\t\t\t\t\t\t\t<span class=\"elementor-grid-item\" role=\"listitem\">\n\t\t\t\t\t<a class=\"elementor-icon elementor-social-icon elementor-social-icon-linkedin elementor-repeater-item-e20d224\" href=\"https:\/\/fr.linkedin.com\/company\/foliesdinterieur\" target=\"_blank\">\n\t\t\t\t\t\t<span class=\"elementor-screen-only\">Linkedin<\/span>\n\t\t\t\t\t\t<svg aria-hidden=\"true\" class=\"e-font-icon-svg e-fab-linkedin\" viewBox=\"0 0 448 512\" xmlns=\"http:\/\/www.w3.org\/2000\/svg\"><path d=\"M416 32H31.9C14.3 32 0 46.5 0 64.3v383.4C0 465.5 14.3 480 31.9 480H416c17.6 0 32-14.5 32-32.3V64.3c0-17.8-14.4-32.3-32-32.3zM135.4 416H69V202.2h66.5V416zm-33.2-243c-21.3 0-38.5-17.3-38.5-38.5S80.9 96 102.2 96c21.2 0 38.5 17.3 38.5 38.5 0 21.3-17.2 38.5-38.5 38.5zm282.1 243h-66.4V312c0-24.8-.5-56.7-34.5-56.7-34.6 0-39.9 27-39.9 54.9V416h-66.4V202.2h63.7v29.2h.9c8.9-16.8 30.6-34.5 62.9-34.5 67.2 0 79.7 44.3 79.7 101.9V416z\"><\/path><\/svg>\t\t\t\t\t<\/a>\n\t\t\t\t<\/span>\n\t\t\t\t\t<\/div>\n\t\t\t\t\t\t<\/div>\n\t\t\t\t\t<\/div>\n\t\t<\/div>\n\t\t\t\t\t<\/div>\n\t\t<\/section>\n\t\t<div class=\"elementor-element elementor-element-1mtusdq e-flex e-con-boxed e-con e-parent\" data-id=\"1mtusdq\" data-element_type=\"container\" data-settings=\"{&quot;background_background&quot;:&quot;classic&quot;}\">\n\t\t\t\t\t<div class=\"e-con-inner\">\n\t\t<div class=\"elementor-element elementor-element-804eca5 e-con-full e-flex e-con e-child\" data-id=\"804eca5\" data-element_type=\"container\" data-settings=\"{&quot;background_background&quot;:&quot;gradient&quot;}\">\n\t\t\t\t<div class=\"elementor-element elementor-element-65f36bf elementor-view-default elementor-widget elementor-widget-icon\" data-id=\"65f36bf\" data-element_type=\"widget\" data-widget_type=\"icon.default\">\n\t\t\t\t\t\t\t<div class=\"elementor-icon-wrapper\">\n\t\t\t<div class=\"elementor-icon\">\n\t\t\t<svg aria-hidden=\"true\" class=\"e-font-icon-svg e-fas-map-marker-alt\" viewBox=\"0 0 384 512\" xmlns=\"http:\/\/www.w3.org\/2000\/svg\"><path d=\"M172.268 501.67C26.97 291.031 0 269.413 0 192 0 85.961 85.961 0 192 0s192 85.961 192 192c0 77.413-26.97 99.031-172.268 309.67-9.535 13.774-29.93 13.773-39.464 0zM192 272c44.183 0 80-35.817 80-80s-35.817-80-80-80-80 35.817-80 80 35.817 80 80 80z\"><\/path><\/svg>\t\t\t<\/div>\n\t\t<\/div>\n\t\t\t\t\t\t<\/div>\n\t\t\t\t<div class=\"elementor-element elementor-element-3102aab elementor-widget elementor-widget-text-editor\" data-id=\"3102aab\" data-element_type=\"widget\" data-widget_type=\"text-editor.default\">\n\t\t\t\t\t\t\t\t\t\n20 bis rue de la Touvi\u00e8re\n74500 Evian-Les-Bains\n\n06 65 48 08 58\n07 62 04 75 06\n\ncontact@foliesdinterieur.fr\t\t\t\t\t\t\t\t<\/div>\n\t\t\t\t<\/div>\n\t\t<div class=\"elementor-element elementor-element-bf5ae47 e-con-full e-flex e-con e-child\" data-id=\"bf5ae47\" data-element_type=\"container\">\n\t\t\t\t<div class=\"elementor-element elementor-element-06c59c3 elementor-widget elementor-widget-google_maps\" data-id=\"06c59c3\" data-element_type=\"widget\" data-widget_type=\"google_maps.default\">\n\t\t\t\t\t\t\t<div class=\"elementor-custom-embed\">\n\t\t\t<iframe loading=\"lazy\"\n\t\t\t\t\tsrc=\"https:\/\/maps.google.com\/maps?q=20%20bis%20rue%20de%20la%20touviere%20Evian&#038;t=m&#038;z=15&#038;output=embed&#038;iwloc=near\"\n\t\t\t\t\ttitle=\"20 bis rue de la touviere Evian\"\n\t\t\t\t\taria-label=\"20 bis rue de la touviere Evian\"\n\t\t\t><\/iframe>\n\t\t<\/div>\n\t\t\t\t\t\t<\/div>\n\t\t\t\t<\/div>\n\t\t<div class=\"elementor-element elementor-element-2ac9b69 e-con-full e-flex e-con e-child\" data-id=\"2ac9b69\" data-element_type=\"container\">\n\t\t\t\t<div class=\"elementor-element elementor-element-e549737 elementor-widget elementor-widget-text-editor\" data-id=\"e549737\" data-element_type=\"widget\" data-widget_type=\"text-editor.default\">\n\t\t\t\t\t\t\t\t\t<p>Pour vos projets d&rsquo;agencement sur-mesure c&rsquo;est ici \ud83d\ude42<br \/><br \/>7 ans d&rsquo;expertise \u2022 300+ projets \u2022 Chablais &amp; L\u00e9man<\/p><p>Particuliers et Professionnels<\/p>\t\t\t\t\t\t\t\t<\/div>\n\t\t\t\t<\/div>\n\t\t\t\t\t<\/div>\n\t\t\t\t<\/div>\n\t\t\t\t<\/div>\n\t\t","protected":false},"excerpt":{"rendered":"<p>Notre site se refait une beaut\u00e9 ! Translator &nbsp; &nbsp; &nbsp; &nbsp; En attendant vous pouvez retrouvez toute&nbsp; notre actualit\u00e9 sur nos r\u00e9seaux sociaux Facebook Instagram Linkedin 20 bis rue de la Touvi\u00e8re 74500 Evian-Les-Bains 06 65 48 08 58 07 62 04 75 06 contact@foliesdinterieur.fr Pour vos projets d&rsquo;agencement sur-mesure c&rsquo;est ici \ud83d\ude42 7 [&hellip;]<\/p>\n","protected":false},"author":1,"featured_media":0,"parent":0,"menu_order":0,"comment_status":"closed","ping_status":"closed","template":"elementor_header_footer","meta":{"ocean_post_layout":"","ocean_both_sidebars_style":"","ocean_both_sidebars_content_width":0,"ocean_both_sidebars_sidebars_width":0,"ocean_sidebar":"","ocean_second_sidebar":"","ocean_disable_margins":"enable","ocean_add_body_class":"","ocean_shortcode_before_top_bar":"","ocean_shortcode_after_top_bar":"","ocean_shortcode_before_header":"","ocean_shortcode_after_header":"","ocean_has_shortcode":"","ocean_shortcode_after_title":"","ocean_shortcode_before_footer_widgets":"","ocean_shortcode_after_footer_widgets":"","ocean_shortcode_before_footer_bottom":"","ocean_shortcode_after_footer_bottom":"","ocean_display_top_bar":"default","ocean_display_header":"default","ocean_header_style":"","ocean_center_header_left_menu":"","ocean_custom_header_template":"","ocean_custom_logo":0,"ocean_custom_retina_logo":0,"ocean_custom_logo_max_width":0,"ocean_custom_logo_tablet_max_width":0,"ocean_custom_logo_mobile_max_width":0,"ocean_custom_logo_max_height":0,"ocean_custom_logo_tablet_max_height":0,"ocean_custom_logo_mobile_max_height":0,"ocean_header_custom_menu":"","ocean_menu_typo_font_family":"","ocean_menu_typo_font_subset":"","ocean_menu_typo_font_size":0,"ocean_menu_typo_font_size_tablet":0,"ocean_menu_typo_font_size_mobile":0,"ocean_menu_typo_font_size_unit":"px","ocean_menu_typo_font_weight":"","ocean_menu_typo_font_weight_tablet":"","ocean_menu_typo_font_weight_mobile":"","ocean_menu_typo_transform":"","ocean_menu_typo_transform_tablet":"","ocean_menu_typo_transform_mobile":"","ocean_menu_typo_line_height":0,"ocean_menu_typo_line_height_tablet":0,"ocean_menu_typo_line_height_mobile":0,"ocean_menu_typo_line_height_unit":"","ocean_menu_typo_spacing":0,"ocean_menu_typo_spacing_tablet":0,"ocean_menu_typo_spacing_mobile":0,"ocean_menu_typo_spacing_unit":"","ocean_menu_link_color":"","ocean_menu_link_color_hover":"","ocean_menu_link_color_active":"","ocean_menu_link_background":"","ocean_menu_link_hover_background":"","ocean_menu_link_active_background":"","ocean_menu_social_links_bg":"","ocean_menu_social_hover_links_bg":"","ocean_menu_social_links_color":"","ocean_menu_social_hover_links_color":"","ocean_disable_title":"default","ocean_disable_heading":"default","ocean_post_title":"","ocean_post_subheading":"","ocean_post_title_style":"","ocean_post_title_background_color":"","ocean_post_title_background":0,"ocean_post_title_bg_image_position":"","ocean_post_title_bg_image_attachment":"","ocean_post_title_bg_image_repeat":"","ocean_post_title_bg_image_size":"","ocean_post_title_height":0,"ocean_post_title_bg_overlay":0.5,"ocean_post_title_bg_overlay_color":"","ocean_disable_breadcrumbs":"default","ocean_breadcrumbs_color":"","ocean_breadcrumbs_separator_color":"","ocean_breadcrumbs_links_color":"","ocean_breadcrumbs_links_hover_color":"","ocean_display_footer_widgets":"default","ocean_display_footer_bottom":"default","ocean_custom_footer_template":"","footnotes":""},"class_list":["post-20","page","type-page","status-publish","hentry","entry"],"yoast_head":"<!-- This site is optimized with the Yoast SEO plugin v26.5 - https:\/\/yoast.com\/wordpress\/plugins\/seo\/ -->\n<title>Folies d&#039;int\u00e9rieur - Folies d&#039;int\u00e9rieur<\/title>\n<meta name=\"description\" content=\"7 ans d&#039;expertise en agencement sur-mesure \u00e0 \u00c9vian-les-Bains. Plus de 300 projets d\u00e9j\u00e0 r\u00e9alis\u00e9s chez des particuliers et des professionnels. Cuisines, salles de bain, bureaux, commerces. Solutions professionnelles pemium pour pour h\u00f4tellerie L\u00e9man, commerces Gen\u00e8ve, r\u00e9sidences stations.\" \/>\n<meta name=\"robots\" content=\"index, follow, max-snippet:-1, max-image-preview:large, max-video-preview:-1\" \/>\n<link rel=\"canonical\" href=\"https:\/\/foliesdinterieur.fr\/\" \/>\n<meta property=\"og:locale\" content=\"fr_FR\" \/>\n<meta property=\"og:type\" content=\"article\" \/>\n<meta property=\"og:title\" content=\"Folies d&#039;int\u00e9rieur - Folies d&#039;int\u00e9rieur\" \/>\n<meta property=\"og:description\" content=\"7 ans d&#039;expertise en agencement sur-mesure \u00e0 \u00c9vian-les-Bains. Plus de 300 projets d\u00e9j\u00e0 r\u00e9alis\u00e9s chez des particuliers et des professionnels. Cuisines, salles de bain, bureaux, commerces. Solutions professionnelles pemium pour pour h\u00f4tellerie L\u00e9man, commerces Gen\u00e8ve, r\u00e9sidences stations.\" \/>\n<meta property=\"og:url\" content=\"https:\/\/foliesdinterieur.fr\/\" \/>\n<meta property=\"og:site_name\" content=\"Folies d&#039;int\u00e9rieur\" \/>\n<meta property=\"article:modified_time\" content=\"2025-12-08T16:32:59+00:00\" \/>\n<meta name=\"twitter:card\" content=\"summary_large_image\" \/>\n<meta name=\"twitter:label1\" content=\"Dur\u00e9e de lecture estim\u00e9e\" \/>\n\t<meta name=\"twitter:data1\" content=\"1 minute\" \/>\n<script type=\"application\/ld+json\" class=\"yoast-schema-graph\">{\"@context\":\"https:\/\/schema.org\",\"@graph\":[{\"@type\":\"WebPage\",\"@id\":\"https:\/\/foliesdinterieur.fr\/\",\"url\":\"https:\/\/foliesdinterieur.fr\/\",\"name\":\"Folies d'int\u00e9rieur - Folies d&#039;int\u00e9rieur\",\"isPartOf\":{\"@id\":\"https:\/\/foliesdinterieur.fr\/#website\"},\"datePublished\":\"2025-12-05T15:14:01+00:00\",\"dateModified\":\"2025-12-08T16:32:59+00:00\",\"description\":\"7 ans d'expertise en agencement sur-mesure \u00e0 \u00c9vian-les-Bains. Plus de 300 projets d\u00e9j\u00e0 r\u00e9alis\u00e9s chez des particuliers et des professionnels. Cuisines, salles de bain, bureaux, commerces. Solutions professionnelles pemium pour pour h\u00f4tellerie L\u00e9man, commerces Gen\u00e8ve, r\u00e9sidences stations.\",\"breadcrumb\":{\"@id\":\"https:\/\/foliesdinterieur.fr\/#breadcrumb\"},\"inLanguage\":\"fr-FR\",\"potentialAction\":[{\"@type\":\"ReadAction\",\"target\":[\"https:\/\/foliesdinterieur.fr\/\"]}]},{\"@type\":\"BreadcrumbList\",\"@id\":\"https:\/\/foliesdinterieur.fr\/#breadcrumb\",\"itemListElement\":[{\"@type\":\"ListItem\",\"position\":1,\"name\":\"Accueil\",\"item\":\"https:\/\/foliesdinterieur.fr\/\"},{\"@type\":\"ListItem\",\"position\":2,\"name\":\"Folies d&rsquo;int\u00e9rieur\"}]},{\"@type\":\"WebSite\",\"@id\":\"https:\/\/foliesdinterieur.fr\/#website\",\"url\":\"https:\/\/foliesdinterieur.fr\/\",\"name\":\"Folies d&#039;int\u00e9rieur\",\"description\":\"Cr\u00e9atrices d&#039;agencements sur-mesure \u00e0 Evian-les-bains\",\"publisher\":{\"@id\":\"https:\/\/foliesdinterieur.fr\/#organization\"},\"potentialAction\":[{\"@type\":\"SearchAction\",\"target\":{\"@type\":\"EntryPoint\",\"urlTemplate\":\"https:\/\/foliesdinterieur.fr\/?s={search_term_string}\"},\"query-input\":{\"@type\":\"PropertyValueSpecification\",\"valueRequired\":true,\"valueName\":\"search_term_string\"}}],\"inLanguage\":\"fr-FR\"},{\"@type\":\"Organization\",\"@id\":\"https:\/\/foliesdinterieur.fr\/#organization\",\"name\":\"Folies d&#039;int\u00e9rieur\",\"url\":\"https:\/\/foliesdinterieur.fr\/\",\"logo\":{\"@type\":\"ImageObject\",\"inLanguage\":\"fr-FR\",\"@id\":\"https:\/\/foliesdinterieur.fr\/#\/schema\/logo\/image\/\",\"url\":\"https:\/\/foliesdinterieur.fr\/wp-content\/uploads\/2025\/12\/cropped-cropped-cropped-folies-d-interieur-2023-carre-e1764928493128.png\",\"contentUrl\":\"https:\/\/foliesdinterieur.fr\/wp-content\/uploads\/2025\/12\/cropped-cropped-cropped-folies-d-interieur-2023-carre-e1764928493128.png\",\"width\":180,\"height\":154,\"caption\":\"Folies d&#039;int\u00e9rieur\"},\"image\":{\"@id\":\"https:\/\/foliesdinterieur.fr\/#\/schema\/logo\/image\/\"}}]}<\/script>\n<!-- \/ Yoast SEO plugin. -->","yoast_head_json":{"title":"Folies d'int\u00e9rieur - Folies d&#039;int\u00e9rieur","description":"7 ans d'expertise en agencement sur-mesure \u00e0 \u00c9vian-les-Bains. Plus de 300 projets d\u00e9j\u00e0 r\u00e9alis\u00e9s chez des particuliers et des professionnels. Cuisines, salles de bain, bureaux, commerces. Solutions professionnelles pemium pour pour h\u00f4tellerie L\u00e9man, commerces Gen\u00e8ve, r\u00e9sidences stations.","robots":{"index":"index","follow":"follow","max-snippet":"max-snippet:-1","max-image-preview":"max-image-preview:large","max-video-preview":"max-video-preview:-1"},"canonical":"https:\/\/foliesdinterieur.fr\/","og_locale":"fr_FR","og_type":"article","og_title":"Folies d'int\u00e9rieur - Folies d&#039;int\u00e9rieur","og_description":"7 ans d'expertise en agencement sur-mesure \u00e0 \u00c9vian-les-Bains. Plus de 300 projets d\u00e9j\u00e0 r\u00e9alis\u00e9s chez des particuliers et des professionnels. Cuisines, salles de bain, bureaux, commerces. Solutions professionnelles pemium pour pour h\u00f4tellerie L\u00e9man, commerces Gen\u00e8ve, r\u00e9sidences stations.","og_url":"https:\/\/foliesdinterieur.fr\/","og_site_name":"Folies d&#039;int\u00e9rieur","article_modified_time":"2025-12-08T16:32:59+00:00","twitter_card":"summary_large_image","twitter_misc":{"Dur\u00e9e de lecture estim\u00e9e":"1 minute"},"schema":{"@context":"https:\/\/schema.org","@graph":[{"@type":"WebPage","@id":"https:\/\/foliesdinterieur.fr\/","url":"https:\/\/foliesdinterieur.fr\/","name":"Folies d'int\u00e9rieur - Folies d&#039;int\u00e9rieur","isPartOf":{"@id":"https:\/\/foliesdinterieur.fr\/#website"},"datePublished":"2025-12-05T15:14:01+00:00","dateModified":"2025-12-08T16:32:59+00:00","description":"7 ans d'expertise en agencement sur-mesure \u00e0 \u00c9vian-les-Bains. Plus de 300 projets d\u00e9j\u00e0 r\u00e9alis\u00e9s chez des particuliers et des professionnels. Cuisines, salles de bain, bureaux, commerces. Solutions professionnelles pemium pour pour h\u00f4tellerie L\u00e9man, commerces Gen\u00e8ve, r\u00e9sidences stations.","breadcrumb":{"@id":"https:\/\/foliesdinterieur.fr\/#breadcrumb"},"inLanguage":"fr-FR","potentialAction":[{"@type":"ReadAction","target":["https:\/\/foliesdinterieur.fr\/"]}]},{"@type":"BreadcrumbList","@id":"https:\/\/foliesdinterieur.fr\/#breadcrumb","itemListElement":[{"@type":"ListItem","position":1,"name":"Accueil","item":"https:\/\/foliesdinterieur.fr\/"},{"@type":"ListItem","position":2,"name":"Folies d&rsquo;int\u00e9rieur"}]},{"@type":"WebSite","@id":"https:\/\/foliesdinterieur.fr\/#website","url":"https:\/\/foliesdinterieur.fr\/","name":"Folies d&#039;int\u00e9rieur","description":"Cr\u00e9atrices d&#039;agencements sur-mesure \u00e0 Evian-les-bains","publisher":{"@id":"https:\/\/foliesdinterieur.fr\/#organization"},"potentialAction":[{"@type":"SearchAction","target":{"@type":"EntryPoint","urlTemplate":"https:\/\/foliesdinterieur.fr\/?s={search_term_string}"},"query-input":{"@type":"PropertyValueSpecification","valueRequired":true,"valueName":"search_term_string"}}],"inLanguage":"fr-FR"},{"@type":"Organization","@id":"https:\/\/foliesdinterieur.fr\/#organization","name":"Folies d&#039;int\u00e9rieur","url":"https:\/\/foliesdinterieur.fr\/","logo":{"@type":"ImageObject","inLanguage":"fr-FR","@id":"https:\/\/foliesdinterieur.fr\/#\/schema\/logo\/image\/","url":"https:\/\/foliesdinterieur.fr\/wp-content\/uploads\/2025\/12\/cropped-cropped-cropped-folies-d-interieur-2023-carre-e1764928493128.png","contentUrl":"https:\/\/foliesdinterieur.fr\/wp-content\/uploads\/2025\/12\/cropped-cropped-cropped-folies-d-interieur-2023-carre-e1764928493128.png","width":180,"height":154,"caption":"Folies d&#039;int\u00e9rieur"},"image":{"@id":"https:\/\/foliesdinterieur.fr\/#\/schema\/logo\/image\/"}}]}},"_links":{"self":[{"href":"https:\/\/foliesdinterieur.fr\/index.php\/wp-json\/wp\/v2\/pages\/20","targetHints":{"allow":["GET"]}}],"collection":[{"href":"https:\/\/foliesdinterieur.fr\/index.php\/wp-json\/wp\/v2\/pages"}],"about":[{"href":"https:\/\/foliesdinterieur.fr\/index.php\/wp-json\/wp\/v2\/types\/page"}],"author":[{"embeddable":true,"href":"https:\/\/foliesdinterieur.fr\/index.php\/wp-json\/wp\/v2\/users\/1"}],"replies":[{"embeddable":true,"href":"https:\/\/foliesdinterieur.fr\/index.php\/wp-json\/wp\/v2\/comments?post=20"}],"version-history":[{"count":38,"href":"https:\/\/foliesdinterieur.fr\/index.php\/wp-json\/wp\/v2\/pages\/20\/revisions"}],"predecessor-version":[{"id":94,"href":"https:\/\/foliesdinterieur.fr\/index.php\/wp-json\/wp\/v2\/pages\/20\/revisions\/94"}],"wp:attachment":[{"href":"https:\/\/foliesdinterieur.fr\/index.php\/wp-json\/wp\/v2\/media?parent=20"}],"curies":[{"name":"wp","href":"https:\/\/api.w.org\/{rel}","templated":true}]}}